{"id":4823,"date":"2022-05-10T11:00:45","date_gmt":"2022-05-10T09:00:45","guid":{"rendered":"https:\/\/wohnmobilpark-mazarron.com\/homepage\/"},"modified":"2022-06-04T12:46:27","modified_gmt":"2022-06-04T10:46:27","slug":"startseite","status":"publish","type":"page","link":"https:\/\/wohnmobilpark-mazarron.com\/en\/","title":{"rendered":"Homepage"},"content":{"rendered":"","protected":false},"excerpt":{"rendered":"","protected":false},"author":1,"featured_media":0,"parent":0,"menu_order":0,"comment_status":"closed","ping_status":"closed","template":"page-templates\/template-home-widgets.php","meta":{"ngg_post_thumbnail":0,"footnotes":""},"class_list":["post-4823","page","type-page","status-publish","hentry"],"yoast_head":"<!-- This site is optimized with the Yoast SEO plugin v23.1 - https:\/\/yoast.com\/wordpress\/plugins\/seo\/ -->\n<title>Area Camper Mazarron, Wohnmobilstellplatz - Startseite<\/title>\n<meta name=\"description\" content=\"Area Camper Mazarron, Wohnmobilstellplatz + Wohnmobilpark in Mazarron. Ganzj\u00e4hrig ge\u00f6ffnet zu \u00e4u\u00dferst g\u00fcnstigen Preisen. Besuchen Sie uns!\" \/>\n<meta name=\"robots\" content=\"index, follow, max-snippet:-1, max-image-preview:large, max-video-preview:-1\" \/>\n<link rel=\"canonical\" href=\"https:\/\/wohnmobilpark-mazarron.com\/en\/\" \/>\n<meta property=\"og:locale\" content=\"en_GB\" \/>\n<meta property=\"og:type\" content=\"article\" \/>\n<meta property=\"og:title\" content=\"Area Camper Mazarron, Wohnmobilstellplatz - Startseite\" \/>\n<meta property=\"og:description\" content=\"Area Camper Mazarron, Wohnmobilstellplatz + Wohnmobilpark in Mazarron. Ganzj\u00e4hrig ge\u00f6ffnet zu \u00e4u\u00dferst g\u00fcnstigen Preisen. Besuchen Sie uns!\" \/>\n<meta property=\"og:url\" content=\"https:\/\/wohnmobilpark-mazarron.com\/en\/\" \/>\n<meta property=\"og:site_name\" content=\"\u00c1rea Camping Mazarr\u00f3n\" \/>\n<meta property=\"article:modified_time\" content=\"2022-06-04T10:46:27+00:00\" \/>\n<meta name=\"twitter:card\" content=\"summary_large_image\" \/>\n<script type=\"application\/ld+json\" class=\"yoast-schema-graph\">{\"@context\":\"https:\/\/schema.org\",\"@graph\":[{\"@type\":\"WebPage\",\"@id\":\"https:\/\/wohnmobilpark-mazarron.com\/en\/\",\"url\":\"https:\/\/wohnmobilpark-mazarron.com\/en\/\",\"name\":\"Area Camper Mazarron, Wohnmobilstellplatz - Startseite\",\"isPartOf\":{\"@id\":\"https:\/\/wohnmobilpark-mazarron.com\/en\/#website\"},\"datePublished\":\"2022-05-10T09:00:45+00:00\",\"dateModified\":\"2022-06-04T10:46:27+00:00\",\"description\":\"Area Camper Mazarron, Wohnmobilstellplatz + Wohnmobilpark in Mazarron. Ganzj\u00e4hrig ge\u00f6ffnet zu \u00e4u\u00dferst g\u00fcnstigen Preisen. Besuchen Sie uns!\",\"breadcrumb\":{\"@id\":\"https:\/\/wohnmobilpark-mazarron.com\/en\/#breadcrumb\"},\"inLanguage\":\"en-GB\",\"potentialAction\":[{\"@type\":\"ReadAction\",\"target\":[\"https:\/\/wohnmobilpark-mazarron.com\/en\/\"]}]},{\"@type\":\"BreadcrumbList\",\"@id\":\"https:\/\/wohnmobilpark-mazarron.com\/en\/#breadcrumb\",\"itemListElement\":[{\"@type\":\"ListItem\",\"position\":1,\"name\":\"Startseite\",\"item\":\"https:\/\/wohnmobilpark-mazarron.com\/en\/\"},{\"@type\":\"ListItem\",\"position\":2,\"name\":\"Startseite\"}]},{\"@type\":\"WebSite\",\"@id\":\"https:\/\/wohnmobilpark-mazarron.com\/en\/#website\",\"url\":\"https:\/\/wohnmobilpark-mazarron.com\/en\/\",\"name\":\"\u00c1rea Camping Mazarr\u00f3n\",\"description\":\"Stellplatz f\u00fcr Wohnmobile und Wohnwagen\",\"potentialAction\":[{\"@type\":\"SearchAction\",\"target\":{\"@type\":\"EntryPoint\",\"urlTemplate\":\"https:\/\/wohnmobilpark-mazarron.com\/en\/?s={search_term_string}\"},\"query-input\":\"required name=search_term_string\"}],\"inLanguage\":\"en-GB\"}]}<\/script>\n<!-- \/ Yoast SEO plugin. -->","yoast_head_json":{"title":"Area Camper Mazarron, Wohnmobilstellplatz - Startseite","description":"Area Camper Mazarron, Wohnmobilstellplatz + Wohnmobilpark in Mazarron. Ganzj\u00e4hrig ge\u00f6ffnet zu \u00e4u\u00dferst g\u00fcnstigen Preisen. Besuchen Sie uns!","robots":{"index":"index","follow":"follow","max-snippet":"max-snippet:-1","max-image-preview":"max-image-preview:large","max-video-preview":"max-video-preview:-1"},"canonical":"https:\/\/wohnmobilpark-mazarron.com\/en\/","og_locale":"en_GB","og_type":"article","og_title":"Area Camper Mazarron, Wohnmobilstellplatz - Startseite","og_description":"Area Camper Mazarron, Wohnmobilstellplatz + Wohnmobilpark in Mazarron. Ganzj\u00e4hrig ge\u00f6ffnet zu \u00e4u\u00dferst g\u00fcnstigen Preisen. Besuchen Sie uns!","og_url":"https:\/\/wohnmobilpark-mazarron.com\/en\/","og_site_name":"\u00c1rea Camping Mazarr\u00f3n","article_modified_time":"2022-06-04T10:46:27+00:00","twitter_card":"summary_large_image","schema":{"@context":"https:\/\/schema.org","@graph":[{"@type":"WebPage","@id":"https:\/\/wohnmobilpark-mazarron.com\/en\/","url":"https:\/\/wohnmobilpark-mazarron.com\/en\/","name":"Area Camper Mazarron, Wohnmobilstellplatz - Startseite","isPartOf":{"@id":"https:\/\/wohnmobilpark-mazarron.com\/en\/#website"},"datePublished":"2022-05-10T09:00:45+00:00","dateModified":"2022-06-04T10:46:27+00:00","description":"Area Camper Mazarron, Wohnmobilstellplatz + Wohnmobilpark in Mazarron. Ganzj\u00e4hrig ge\u00f6ffnet zu \u00e4u\u00dferst g\u00fcnstigen Preisen. Besuchen Sie uns!","breadcrumb":{"@id":"https:\/\/wohnmobilpark-mazarron.com\/en\/#breadcrumb"},"inLanguage":"en-GB","potentialAction":[{"@type":"ReadAction","target":["https:\/\/wohnmobilpark-mazarron.com\/en\/"]}]},{"@type":"BreadcrumbList","@id":"https:\/\/wohnmobilpark-mazarron.com\/en\/#breadcrumb","itemListElement":[{"@type":"ListItem","position":1,"name":"Startseite","item":"https:\/\/wohnmobilpark-mazarron.com\/en\/"},{"@type":"ListItem","position":2,"name":"Startseite"}]},{"@type":"WebSite","@id":"https:\/\/wohnmobilpark-mazarron.com\/en\/#website","url":"https:\/\/wohnmobilpark-mazarron.com\/en\/","name":"\u00c1rea Camping Mazarr\u00f3n","description":"Stellplatz f\u00fcr Wohnmobile und Wohnwagen","potentialAction":[{"@type":"SearchAction","target":{"@type":"EntryPoint","urlTemplate":"https:\/\/wohnmobilpark-mazarron.com\/en\/?s={search_term_string}"},"query-input":"required name=search_term_string"}],"inLanguage":"en-GB"}]}},"jetpack_sharing_enabled":true,"_links":{"self":[{"href":"https:\/\/wohnmobilpark-mazarron.com\/en\/wp-json\/wp\/v2\/pages\/4823","targetHints":{"allow":["GET"]}}],"collection":[{"href":"https:\/\/wohnmobilpark-mazarron.com\/en\/wp-json\/wp\/v2\/pages"}],"about":[{"href":"https:\/\/wohnmobilpark-mazarron.com\/en\/wp-json\/wp\/v2\/types\/page"}],"author":[{"embeddable":true,"href":"https:\/\/wohnmobilpark-mazarron.com\/en\/wp-json\/wp\/v2\/users\/1"}],"replies":[{"embeddable":true,"href":"https:\/\/wohnmobilpark-mazarron.com\/en\/wp-json\/wp\/v2\/comments?post=4823"}],"version-history":[{"count":1,"href":"https:\/\/wohnmobilpark-mazarron.com\/en\/wp-json\/wp\/v2\/pages\/4823\/revisions"}],"predecessor-version":[{"id":6432,"href":"https:\/\/wohnmobilpark-mazarron.com\/en\/wp-json\/wp\/v2\/pages\/4823\/revisions\/6432"}],"wp:attachment":[{"href":"https:\/\/wohnmobilpark-mazarron.com\/en\/wp-json\/wp\/v2\/media?parent=4823"}],"curies":[{"name":"wp","href":"https:\/\/api.w.org\/{rel}","templated":true}]}}